{"id":6,"date":"2018-07-05T15:22:37","date_gmt":"2018-07-05T18:22:37","guid":{"rendered":"https:\/\/missaocrista.pt\/site\/\/?page_id=6"},"modified":"2023-07-07T18:01:21","modified_gmt":"2023-07-07T17:01:21","slug":"home","status":"publish","type":"page","link":"https:\/\/missaocrista.pt\/site\/","title":{"rendered":"Home"},"content":{"rendered":"<section class=\"wpb-content-wrapper\"><p>[vc_row row_type=&#8221;parallax&#8221; content_width=&#8221;grid&#8221; full_screen_section_height=&#8221;no&#8221; el_id=&#8221;bg_sobre&#8221; css=&#8221;.vc_custom_1586917104902{padding-top: 30px !important;padding-right: 0px !important;padding-bottom: 30px !important;padding-left: 0px !important;background: #e2e2e2 url(https:\/\/missaocrista.pt\/site\/\/wp-content\/uploads\/2020\/04\/bg-sobre-mci.jpg?id=12347) !important;background-position: center !important;background-repeat: no-repeat !important;background-size: cover !important;}&#8221;][vc_column][vc_row_inner css_animation=&#8221;mkdf-element-from-fade&#8221; css=&#8221;.vc_custom_1586917007254{padding-top: 300px !important;padding-right: 0px !important;padding-left: 0px !important;}&#8221; el_id=&#8221;bg_imagem-sobre&#8221;][vc_column_inner css=&#8221;.vc_custom_1586896919036{padding-top: 30px !important;padding-right: 30px !important;padding-bottom: 30px !important;padding-left: 30px !important;}&#8221;]<div class=\"mkdf-section-title-holder\">\n\t<h2 class=\"mkdf-section-title mkdf-section-title-medium\" style=\"color: #1e73be\">Bem Vindo<\/h2>\n<\/div>[vc_column_text css_animation=&#8221;fadeIn&#8221; el_class=&#8221;texto-glow&#8221;]<\/p>\n<div>Somos uma comunidade constitu\u00edda por pessoas de diversas partes do mundo, que amam a Deus e vivem os Seus prop\u00f3sitos.<\/div>\n<p>&nbsp;<\/p>\n<div>Desde o seu in\u00edcio, a MCI est\u00e1 vocacionada para apresentar \u00e0 comunidade em geral o amor e a gra\u00e7a de Deus, servindo e inspirando a todos, indiscriminadamente, para que desfrutem da promessa de Jesus: <em><strong>\u201cEu vim para que tenham vida, e a tenham com abund\u00e2ncia\u201d<\/strong><\/em> (Jo\u00e3o 10:10).<\/div>\n<p>&nbsp;<\/p>\n<div>Atrav\u00e9s dos relacionamentos saud\u00e1veis edificados nos Grupos de Vida, e das alegres e inspiradoras Celebra\u00e7\u00f5es de Domingo, a MCI est\u00e1 empenhada em fazer Jesus conhecido nas na\u00e7\u00f5es.<\/div>\n<p>&nbsp;<\/p>\n<div>Junta-te a n\u00f3s!<\/div>\n<div style=\"text-align: right;\"><\/div>\n<p>[\/vc_column_text][\/vc_column_inner][\/vc_row_inner][vc_row_inner css_animation=&#8221;mkdf-element-from-fade&#8221;][vc_column_inner width=&#8221;1\/2&#8243;]<a href=\"\/site\/sobre\/\" target=\"_self\"  class=\"mkdf-btn mkdf-btn-medium mkdf-btn-outline\"  >\n        <span class=\"mkdf-btn-text\">Saber mais sobre a MCI<\/span>\n<\/a>[\/vc_column_inner][vc_column_inner width=&#8221;1\/2&#8243;][vc_column_text css_animation=&#8221;fadeIn&#8221; el_class=&#8221;texto-glow&#8221;]<\/p>\n<div style=\"text-align: right;\"><strong>Sidson e K\u00eania<\/strong><\/div>\n<div style=\"text-align: right;\">Pastores Seniores<\/div>\n<p>[\/vc_column_text][\/vc_column_inner][\/vc_row_inner][\/vc_column][\/vc_row][vc_row content_aligment=&#8221;center&#8221; el_class=&#8221;texto-branco&#8221; css=&#8221;.vc_custom_1688743236354{padding-top: 100px !important;padding-bottom: 100px !important;background-color: #d1d1d1 !important;}&#8221;][vc_column][vc_row_inner content_width=&#8221;grid&#8221; content_aligment=&#8221;center&#8221; css_animation=&#8221;mkdf-element-from-fade&#8221; css=&#8221;.vc_custom_1688740436309{margin-top: 0px !important;padding-top: 0px !important;padding-bottom: 0px !important;}&#8221;][vc_column_inner][vc_column_text css_animation=&#8221;bounceInLeft&#8221;]<\/p>\n<h2><strong>Pedidos de Ora\u00e7\u00e3o:<\/strong><\/h2>\n<p>[\/vc_column_text]<a href=\"https:\/\/www.facebook.com\/messages\/t\/missaocr\" target=\"_blank\"  class=\"mkdf-btn mkdf-btn-medium mkdf-btn-outline mkdf-btn-icon botao-normal\"  >\n            <span class=\"mkdf-btn-icon-holder\">\n            <i class=\"mkdf-icon-font-awesome fa fa-facebook mkdf-btn-icon-elem\" ><\/i>            <i class=\"mkdf-icon-font-awesome fa fa-facebook mkdf-btn-icon-elem hover\" ><\/i>        <\/span>\n        <span class=\"mkdf-btn-text\">Fale connosco pelo Facebook<\/span>\n<\/a><a href=\"https:\/\/wa.me\/351963928240\" target=\"_blank\"  class=\"mkdf-btn mkdf-btn-medium mkdf-btn-outline mkdf-btn-icon botao-normal\"  >\n            <span class=\"mkdf-btn-icon-holder\">\n            <i class=\"mkdf-icon-font-awesome fa fa-whatsapp mkdf-btn-icon-elem\" ><\/i>            <i class=\"mkdf-icon-font-awesome fa fa-whatsapp mkdf-btn-icon-elem hover\" ><\/i>        <\/span>\n        <span class=\"mkdf-btn-text\">Fale connosco pelo WhatsApp<\/span>\n<\/a>[\/vc_column_inner][\/vc_row_inner][\/vc_column][\/vc_row][vc_row content_aligment=&#8221;center&#8221; el_class=&#8221;texto-branco&#8221; css=&#8221;.vc_custom_1688743227849{padding-top: 100px !important;padding-bottom: 100px !important;background-color: #ffffff !important;}&#8221;][vc_column][vc_column_text css_animation=&#8221;bounceInLeft&#8221;]<\/p>\n<h2><strong>Contribui\u00e7\u00f5es:<\/strong><\/h2>\n<p>[\/vc_column_text][vc_row_inner content_width=&#8221;grid&#8221; content_aligment=&#8221;center&#8221; css_animation=&#8221;mkdf-element-from-fade&#8221; css=&#8221;.vc_custom_1688740436309{margin-top: 0px !important;padding-top: 0px !important;padding-bottom: 0px !important;}&#8221;][vc_column_inner width=&#8221;1\/2&#8243;][vc_single_image image=&#8221;12575&#8243; img_size=&#8221;full&#8221; alignment=&#8221;center&#8221; onclick=&#8221;custom_link&#8221; css_animation=&#8221;bounceInRight&#8221; link=&#8221;mbway:+351963928240&#8243; el_class=&#8221;img-oferta&#8221;][vc_column_text css_animation=&#8221;fadeInUpBig&#8221;]<\/p>\n<p style=\"text-align: center;\">+351 963 928 240<\/p>\n<p>[\/vc_column_text][vc_column_text css_animation=&#8221;fadeInUpBig&#8221;]<\/p>\n<p style=\"text-align: center;\">+351 936\u00a0196\u00a0256<\/p>\n<p>[\/vc_column_text][\/vc_column_inner][vc_column_inner width=&#8221;1\/2&#8243;][vc_single_image image=&#8221;12576&#8243; img_size=&#8221;full&#8221; alignment=&#8221;center&#8221; css_animation=&#8221;bounceInLeft&#8221; el_class=&#8221;img-oferta&#8221;][vc_column_text css_animation=&#8221;fadeInUpBig&#8221; el_class=&#8221;branco&#8221;]PT50 00350 7730000 2295130 35[\/vc_column_text][\/vc_column_inner][\/vc_row_inner][\/vc_column][\/vc_row][vc_row content_width=&#8221;grid&#8221; content_aligment=&#8221;center&#8221; css_animation=&#8221;mkdf-element-from-fade&#8221; css=&#8221;.vc_custom_1688740097940{background-color: #303030 !important;background-position: center !important;background-repeat: no-repeat !important;background-size: cover !important;}&#8221;][vc_column][vc_row_inner content_width=&#8221;grid&#8221; content_aligment=&#8221;center&#8221; css=&#8221;.vc_custom_1688740601033{padding-top: 50px !important;padding-bottom: 50px !important;}&#8221;][vc_column_inner][vc_single_image image=&#8221;12727&#8243; img_size=&#8221;&#8221; alignment=&#8221;center&#8221; css=&#8221;.vc_custom_1688740624817{padding-top: 10px !important;padding-right: 10px !important;padding-bottom: 10px !important;padding-left: 10px !important;}&#8221; el_class=&#8221;transparencia10&#8243;][\/vc_column_inner][\/vc_row_inner][\/vc_column][\/vc_row]<\/p>\n<\/section>","protected":false},"excerpt":{"rendered":"<p>[vc_row row_type=&#8221;parallax&#8221; content_width=&#8221;grid&#8221; full_screen_section_height=&#8221;no&#8221; el_id=&#8221;bg_sobre&#8221; css=&#8221;.vc_custom_1586917104902{padding-top: 30px !important;padding-right: 0px !important;padding-bottom: 30px !important;padding-left: 0px !important;background: #e2e2e2 url(https:\/\/missaocrista.pt\/site\/\/wp-content\/uploads\/2020\/04\/bg-sobre-mci.jpg?id=12347) !important;background-position: center !important;background-repeat: no-repeat !important;background-size: cover !important;}&#8221;][vc_column][vc_row_inner css_animation=&#8221;mkdf-element-from-fade&#8221; css=&#8221;.vc_custom_1586917007254{padding-top: 300px !important;padding-right: 0px !important;padding-left: 0px !important;}&#8221; el_id=&#8221;bg_imagem-sobre&#8221;][vc_column_inner css=&#8221;.vc_custom_1586896919036{padding-top: 30px !important;padding-right: 30px !important;padding-bottom: 30px !important;padding-left: 30px !important;}&#8221;][vc_column_text css_animation=&#8221;fadeIn&#8221; el_class=&#8221;texto-glow&#8221;] Somos uma&#8230;<\/p>\n","protected":false},"author":1,"featured_media":0,"parent":0,"menu_order":0,"comment_status":"closed","ping_status":"closed","template":"full-width.php","meta":[],"aioseo_notices":[],"_links":{"self":[{"href":"https:\/\/missaocrista.pt\/site\/wp-json\/wp\/v2\/pages\/6"}],"collection":[{"href":"https:\/\/missaocrista.pt\/site\/wp-json\/wp\/v2\/pages"}],"about":[{"href":"https:\/\/missaocrista.pt\/site\/wp-json\/wp\/v2\/types\/page"}],"author":[{"embeddable":true,"href":"https:\/\/missaocrista.pt\/site\/wp-json\/wp\/v2\/users\/1"}],"replies":[{"embeddable":true,"href":"https:\/\/missaocrista.pt\/site\/wp-json\/wp\/v2\/comments?post=6"}],"version-history":[{"count":143,"href":"https:\/\/missaocrista.pt\/site\/wp-json\/wp\/v2\/pages\/6\/revisions"}],"predecessor-version":[{"id":12920,"href":"https:\/\/missaocrista.pt\/site\/wp-json\/wp\/v2\/pages\/6\/revisions\/12920"}],"wp:attachment":[{"href":"https:\/\/missaocrista.pt\/site\/wp-json\/wp\/v2\/media?parent=6"}],"curies":[{"name":"wp","href":"https:\/\/api.w.org\/{rel}","templated":true}]}}