{"id":12258,"date":"2020-03-12T19:53:03","date_gmt":"2020-03-12T19:53:03","guid":{"rendered":"https:\/\/missaocrista.pt\/site\/\/?page_id=12258"},"modified":"2026-04-03T21:03:10","modified_gmt":"2026-04-03T20:03:10","slug":"setubal","status":"publish","type":"page","link":"https:\/\/missaocrista.pt\/site\/igrejas\/setubal\/","title":{"rendered":"Set\u00fabal"},"content":{"rendered":"<section class=\"wpb-content-wrapper\"><p>[vc_row content_aligment=&#8221;center&#8221; css=&#8221;.vc_custom_1580612809812{background-color: #ffffff !important;}&#8221; el_class=&#8221;arredondar-cima&#8221;][vc_column][vc_empty_space height=&#8221;40px&#8221;]\n<h3 class=\"mkdf-custom-font-holder\" style=\"font-family: Armata;font-size: 30px;line-height: 30px;font-weight: 400;text-transform: Uppercase;text-align: center;color: #1e73be\" data-font-size= 30 data-line-height= 30>\n\tLideran\u00e7a Local<\/h3>[vc_empty_space height=&#8221;40px&#8221;][vc_row_inner content_width=&#8221;grid&#8221; content_aligment=&#8221;center&#8221;][vc_column_inner width=&#8221;1\/2&#8243;][vc_column_text]<\/p>\n<h4>Augusto Souza<\/h4>\n<p>[\/vc_column_text][vc_column_text]<\/p>\n<h5>Pastor<\/h5>\n<p>[\/vc_column_text][\/vc_column_inner][vc_column_inner width=&#8221;1\/2&#8243;][vc_column_text]<\/p>\n<h4>Camila Souza<\/h4>\n<p>[\/vc_column_text][vc_column_text]<\/p>\n<h5>Pastora<\/h5>\n<p>[\/vc_column_text][\/vc_column_inner][\/vc_row_inner][vc_empty_space height=&#8221;40px&#8221;][\/vc_column][\/vc_row][vc_row content_width=&#8221;grid&#8221; css=&#8221;.vc_custom_1580609923568{background-color: #1e73be !important;}&#8221;][vc_column][vc_row_inner content_aligment=&#8221;center&#8221; css=&#8221;.vc_custom_1580610069705{padding-top: 40px !important;}&#8221;][vc_column_inner width=&#8221;1\/3&#8243;]<div class=\"mkdf-iwt clearfix mkdf-iwt-icon-top mkdf-iwt-icon-tiny mkdf-iwt-icon-normal\">\n\t<div class=\"mkdf-iwt-icon-holder\">\n\t\t\t\t\t\n    <span class=\"mkdf-icon-shortcode normal mkdf-icon-tiny\"  data-color=\"#ffffff\">\n        \n                                    <span class=\"mkdf-image-icon\">\n\t\t\t\t\t\t                            <i class=\"mkdf-icon-font-awesome fa fa-map-marker mkdf-icon-element\" style=\"color: #ffffff\" ><\/i>                                            <\/span>\n                \n            <\/span>\n\n\t\t\t<\/div>\n\t<div class=\"mkdf-iwt-content-holder\" >\n\t\t<div class=\"mkdf-iwt-title-holder\">\n\t\t\t<h4 style=\"color: #1f1f1f\">\n\t\t\t\t\n\t\t\t\tENDERE\u00c7O\n\t\t\t\t\n\t\t\t<\/h4>\n\t<\/div>\n\t<div class=\"mkdf-iwt-text-holder\">\n\t\t<p ><\/p>\n\n\t\t\t<\/div>\n<\/div>\n<\/div>[vc_column_text el_class=&#8221;texto-branco&#8221;]<\/p>\n<p style=\"text-align: center;\">Quinta Vale da Rosa, Condom\u00ednio Armaz\u00e9ns, Estrada Alentejo C2, 2910-845<br \/>\nSet\u00fabal, Portugal<\/p>\n<p>[\/vc_column_text][\/vc_column_inner][vc_column_inner width=&#8221;1\/3&#8243;]<div class=\"mkdf-iwt clearfix mkdf-iwt-icon-top mkdf-iwt-icon-tiny mkdf-iwt-icon-normal\">\n\t<div class=\"mkdf-iwt-icon-holder\">\n\t\t\t\t\t\n    <span class=\"mkdf-icon-shortcode normal mkdf-icon-tiny\"  data-color=\"#ffffff\">\n        \n                                    <span class=\"mkdf-image-icon\">\n\t\t\t\t\t\t                            <i class=\"mkdf-icon-font-awesome fa fa-clock-o mkdf-icon-element\" style=\"color: #ffffff\" ><\/i>                                            <\/span>\n                \n            <\/span>\n\n\t\t\t<\/div>\n\t<div class=\"mkdf-iwt-content-holder\" >\n\t\t<div class=\"mkdf-iwt-title-holder\">\n\t\t\t<h4 style=\"color: #1f1f1f\">\n\t\t\t\t\n\t\t\t\tHOR\u00c1RIOS\n\t\t\t\t\n\t\t\t<\/h4>\n\t<\/div>\n\t<div class=\"mkdf-iwt-text-holder\">\n\t\t<p ><\/p>\n\n\t\t\t<\/div>\n<\/div>\n<\/div>[vc_column_text el_class=&#8221;texto-branco&#8221;]<\/p>\n<p style=\"text-align: center;\">Celebra\u00e7\u00f5es de Domingo: 10:30<\/p>\n<p>[\/vc_column_text][\/vc_column_inner][vc_column_inner width=&#8221;1\/3&#8243;]<div class=\"mkdf-iwt clearfix mkdf-iwt-icon-top mkdf-iwt-icon-tiny mkdf-iwt-icon-normal\">\n\t<div class=\"mkdf-iwt-icon-holder\">\n\t\t\t\t\t\n    <span class=\"mkdf-icon-shortcode normal mkdf-icon-tiny\"  data-color=\"#ffffff\">\n        \n                                    <span class=\"mkdf-image-icon\">\n\t\t\t\t\t\t                            <i class=\"mkdf-icon-font-awesome fa fa-phone mkdf-icon-element\" style=\"color: #ffffff\" ><\/i>                                            <\/span>\n                \n            <\/span>\n\n\t\t\t<\/div>\n\t<div class=\"mkdf-iwt-content-holder\" >\n\t\t<div class=\"mkdf-iwt-title-holder\">\n\t\t\t<h4 style=\"color: #1f1f1f\">\n\t\t\t\t\n\t\t\t\tTELEFONE\n\t\t\t\t\n\t\t\t<\/h4>\n\t<\/div>\n\t<div class=\"mkdf-iwt-text-holder\">\n\t\t<p ><\/p>\n\n\t\t\t<\/div>\n<\/div>\n<\/div>[vc_column_text el_class=&#8221;texto-branco&#8221;]<\/p>\n<p style=\"text-align: center;\">+351\u00a0219 201 405<br \/>\n+351 963 928 240<\/p>\n<p>[\/vc_column_text][\/vc_column_inner][\/vc_row_inner][vc_empty_space][\/vc_column][\/vc_row][vc_row][vc_column]<div class=\"mkdf-google-map-holder\">\n\t<div class=\"mkdf-google-map\" id=\"mkdf-map-1225684\" data-addresses='[\"Quinta Vale da Rosa, Condom\u00ednio Armaz\u00e9ns, Estrada Alentejo C2, 2910-845, Set\u00fabal\"]' data-custom-map-style = \"false\" data-color-overlay = \"#393939\" data-saturation = \"-100\" data-lightness = \"-60\" data-zoom = \"17\" data-pin = \"https:\/\/missaocrista.pt\/site\/wp-content\/themes\/deploy_antigo\/assets\/img\/pin.png\" data-unique-id = \"1225684\" data-scroll-wheel = \"false\" data-height=\"300\"><\/div>\n\t\t\t<div class=\"mkdf-google-map-overlay\"><\/div>\n\t<\/div>\n[\/vc_column][\/vc_row]<\/p>\n<\/section>","protected":false},"excerpt":{"rendered":"<p>[vc_row content_aligment=&#8221;center&#8221; css=&#8221;.vc_custom_1580612809812{background-color: #ffffff !important;}&#8221; el_class=&#8221;arredondar-cima&#8221;][vc_column][vc_empty_space height=&#8221;40px&#8221;][vc_empty_space height=&#8221;40px&#8221;][vc_row_inner content_width=&#8221;grid&#8221; content_aligment=&#8221;center&#8221;][vc_column_inner width=&#8221;1\/2&#8243;][vc_column_text] Augusto Souza [\/vc_column_text][vc_column_text] Pastor [\/vc_column_text][\/vc_column_inner][vc_column_inner width=&#8221;1\/2&#8243;][vc_column_text] Camila Souza [\/vc_column_text][vc_column_text] Pastora [\/vc_column_text][\/vc_column_inner][\/vc_row_inner][vc_empty_space height=&#8221;40px&#8221;][\/vc_column][\/vc_row][vc_row content_width=&#8221;grid&#8221; css=&#8221;.vc_custom_1580609923568{background-color: #1e73be !important;}&#8221;][vc_column][vc_row_inner content_aligment=&#8221;center&#8221; css=&#8221;.vc_custom_1580610069705{padding-top: 40px !important;}&#8221;][vc_column_inner width=&#8221;1\/3&#8243;][vc_column_text el_class=&#8221;texto-branco&#8221;] Quinta Vale da Rosa, Condom\u00ednio Armaz\u00e9ns, Estrada Alentejo C2, 2910-845 Set\u00fabal, Portugal&#8230;<\/p>\n","protected":false},"author":1,"featured_media":0,"parent":50,"menu_order":0,"comment_status":"closed","ping_status":"closed","template":"","meta":[],"aioseo_notices":[],"_links":{"self":[{"href":"https:\/\/missaocrista.pt\/site\/wp-json\/wp\/v2\/pages\/12258"}],"collection":[{"href":"https:\/\/missaocrista.pt\/site\/wp-json\/wp\/v2\/pages"}],"about":[{"href":"https:\/\/missaocrista.pt\/site\/wp-json\/wp\/v2\/types\/page"}],"author":[{"embeddable":true,"href":"https:\/\/missaocrista.pt\/site\/wp-json\/wp\/v2\/users\/1"}],"replies":[{"embeddable":true,"href":"https:\/\/missaocrista.pt\/site\/wp-json\/wp\/v2\/comments?post=12258"}],"version-history":[{"count":9,"href":"https:\/\/missaocrista.pt\/site\/wp-json\/wp\/v2\/pages\/12258\/revisions"}],"predecessor-version":[{"id":12978,"href":"https:\/\/missaocrista.pt\/site\/wp-json\/wp\/v2\/pages\/12258\/revisions\/12978"}],"up":[{"embeddable":true,"href":"https:\/\/missaocrista.pt\/site\/wp-json\/wp\/v2\/pages\/50"}],"wp:attachment":[{"href":"https:\/\/missaocrista.pt\/site\/wp-json\/wp\/v2\/media?parent=12258"}],"curies":[{"name":"wp","href":"https:\/\/api.w.org\/{rel}","templated":true}]}}