{"id":12144,"date":"2020-02-01T23:25:25","date_gmt":"2020-02-02T01:25:25","guid":{"rendered":"https:\/\/missaocrista.pt\/site\/\/?page_id=12144"},"modified":"2020-02-03T16:42:30","modified_gmt":"2020-02-03T18:42:30","slug":"visao","status":"publish","type":"page","link":"https:\/\/missaocrista.pt\/site\/visao\/","title":{"rendered":"Vis\u00e3o"},"content":{"rendered":"<section class=\"wpb-content-wrapper\"><p>[vc_row content_width=&#8221;grid&#8221; content_aligment=&#8221;center&#8221; css=&#8221;.vc_custom_1580754916187{padding-top: 70px !important;padding-bottom: 70px !important;background-color: #e2e2e2 !important;}&#8221;][vc_column][vc_row_inner content_width=&#8221;grid&#8221; content_aligment=&#8221;center&#8221;][vc_column_inner]<div class=\"mkdf-section-title-holder\">\n\t<h2 class=\"mkdf-section-title mkdf-section-title-medium\" >Vis\u00e3o de crescimento num\u00e9rico com maturidade<\/h2>\n<\/div>[\/vc_column_inner][\/vc_row_inner][vc_column_text]Crescer numericamente e ao mesmo tempo crescer em termos de qualidade e maturidade \u00e9 o grande desafio para a igreja do s\u00e9culo XXI. N\u00e3o podemos pensar que qualidade e quantidade s\u00e3o incompat\u00edveis. Um n\u00e3o anula o outro, necessariamente.<\/p>\n<p>\u201c\u2026 n\u00e3o querendo que ningu\u00e9m se perca, sen\u00e3o que todos venham a arrepender-se.\u201d<br \/>\n(II Pedro 3:9)[\/vc_column_text][\/vc_column][\/vc_row][vc_row][vc_column][vc_row_inner row_type=&#8221;parallax&#8221; full_screen_section_height=&#8221;no&#8221; section_height=&#8221;300&#8243; parallax_background_image=&#8221;11883&#8243; content_aligment=&#8221;center&#8221;][vc_column_inner el_class=&#8221;background-section&#8221;][\/vc_column_inner][\/vc_row_inner][\/vc_column][\/vc_row][vc_row anchor=&#8221;grupos-de-vida&#8221; content_aligment=&#8221;center&#8221; css=&#8221;.vc_custom_1580755347666{padding-top: 70px !important;padding-bottom: 70px !important;background-color: #ffffff !important;}&#8221; el_id=&#8221;grupos-de-vida&#8221;][vc_column][vc_row_inner content_width=&#8221;grid&#8221; content_aligment=&#8221;center&#8221;][vc_column_inner]<div class=\"mkdf-section-title-holder\">\n\t<h2 class=\"mkdf-section-title mkdf-section-title-medium\" >Grupos de Vida<\/h2>\n<\/div>[\/vc_column_inner][\/vc_row_inner][vc_column_text]Crescer numericamente e ao mesmo tempo crescer em termos de qualidade e maturidade \u00e9 o grande desafio para a igreja do s\u00e9culo XXI. N\u00e3o podemos pensar que qualidade e quantidade s\u00e3o incompat\u00edveis. Um n\u00e3o anula o outro, necessariamente.<\/p>\n<p>\u201c\u2026 n\u00e3o querendo que ningu\u00e9m se perca, sen\u00e3o que todos venham a arrepender-se.\u201d<br \/>\n(II Pedro 3:9)[\/vc_column_text][\/vc_column][\/vc_row][vc_row content_width=&#8221;grid&#8221; anchor=&#8221;bloco-da-vitoria&#8221; content_aligment=&#8221;center&#8221; css=&#8221;.vc_custom_1580755161868{padding-top: 70px !important;padding-bottom: 70px !important;background-color: #1e73be !important;}&#8221; el_id=&#8221;bloco-da-vitoria&#8221;][vc_column][vc_row_inner][vc_column_inner el_class=&#8221;background-section&#8221;][vc_empty_space][\/vc_column_inner][\/vc_row_inner][vc_row_inner content_width=&#8221;grid&#8221; content_aligment=&#8221;center&#8221;][vc_column_inner]<div class=\"mkdf-section-title-holder\">\n\t<h2 class=\"mkdf-section-title mkdf-section-title-medium\" >Bloco da Vit\u00f3ria<\/h2>\n<\/div>[\/vc_column_inner][\/vc_row_inner][vc_column_text]Crescer numericamente e ao mesmo tempo crescer em termos de qualidade e maturidade \u00e9 o grande desafio para a igreja do s\u00e9culo XXI. N\u00e3o podemos pensar que qualidade e quantidade s\u00e3o incompat\u00edveis. Um n\u00e3o anula o outro, necessariamente.<\/p>\n<p>\u201c\u2026 n\u00e3o querendo que ningu\u00e9m se perca, sen\u00e3o que todos venham a arrepender-se.\u201d<br \/>\n(II Pedro 3:9)[\/vc_column_text][\/vc_column][\/vc_row][vc_row anchor=&#8221;ministerios&#8221; content_aligment=&#8221;center&#8221; css=&#8221;.vc_custom_1580755321274{padding-top: 70px !important;padding-bottom: 70px !important;background-color: #ffffff !important;}&#8221; el_id=&#8221;ministerios&#8221;][vc_column][vc_row_inner content_width=&#8221;grid&#8221; content_aligment=&#8221;center&#8221;][vc_column_inner]<div class=\"mkdf-section-title-holder\">\n\t<h2 class=\"mkdf-section-title mkdf-section-title-medium\" >Minist\u00e9rios<\/h2>\n<\/div>[\/vc_column_inner][\/vc_row_inner][vc_column_text]Crescer numericamente e ao mesmo tempo crescer em termos de qualidade e maturidade \u00e9 o grande desafio para a igreja do s\u00e9culo XXI. N\u00e3o podemos pensar que qualidade e quantidade s\u00e3o incompat\u00edveis. Um n\u00e3o anula o outro, necessariamente.<\/p>\n<p>\u201c\u2026 n\u00e3o querendo que ningu\u00e9m se perca, sen\u00e3o que todos venham a arrepender-se.\u201d<br \/>\n(II Pedro 3:9)[\/vc_column_text][\/vc_column][\/vc_row][vc_row content_width=&#8221;grid&#8221; anchor=&#8221;missoes&#8221; content_aligment=&#8221;center&#8221; css=&#8221;.vc_custom_1580755207773{padding-top: 70px !important;padding-bottom: 70px !important;background-color: #1e73be !important;}&#8221; el_id=&#8221;missoes&#8221;][vc_column][vc_row_inner][vc_column_inner el_class=&#8221;background-section&#8221;][vc_empty_space][\/vc_column_inner][\/vc_row_inner][vc_row_inner content_width=&#8221;grid&#8221; content_aligment=&#8221;center&#8221;][vc_column_inner]<div class=\"mkdf-section-title-holder\">\n\t<h2 class=\"mkdf-section-title mkdf-section-title-medium\" >Miss\u00f5es<\/h2>\n<\/div>[\/vc_column_inner][\/vc_row_inner][vc_column_text]Crescer numericamente e ao mesmo tempo crescer em termos de qualidade e maturidade \u00e9 o grande desafio para a igreja do s\u00e9culo XXI. N\u00e3o podemos pensar que qualidade e quantidade s\u00e3o incompat\u00edveis. Um n\u00e3o anula o outro, necessariamente.<\/p>\n<p>\u201c\u2026 n\u00e3o querendo que ningu\u00e9m se perca, sen\u00e3o que todos venham a arrepender-se.\u201d<br \/>\n(II Pedro 3:9)[\/vc_column_text][\/vc_column][\/vc_row]<\/p>\n<\/section>","protected":false},"excerpt":{"rendered":"<p>[vc_row content_width=&#8221;grid&#8221; content_aligment=&#8221;center&#8221; css=&#8221;.vc_custom_1580754916187{padding-top: 70px !important;padding-bottom: 70px !important;background-color: #e2e2e2 !important;}&#8221;][vc_column][vc_row_inner content_width=&#8221;grid&#8221; content_aligment=&#8221;center&#8221;][vc_column_inner][\/vc_column_inner][\/vc_row_inner][vc_column_text]Crescer numericamente e ao mesmo tempo crescer em termos de qualidade e maturidade \u00e9 o grande desafio para a igreja do s\u00e9culo XXI. N\u00e3o podemos pensar que qualidade e quantidade s\u00e3o incompat\u00edveis. Um n\u00e3o&#8230;<\/p>\n","protected":false},"author":1,"featured_media":0,"parent":0,"menu_order":0,"comment_status":"closed","ping_status":"closed","template":"full-width.php","meta":[],"aioseo_notices":[],"_links":{"self":[{"href":"https:\/\/missaocrista.pt\/site\/wp-json\/wp\/v2\/pages\/12144"}],"collection":[{"href":"https:\/\/missaocrista.pt\/site\/wp-json\/wp\/v2\/pages"}],"about":[{"href":"https:\/\/missaocrista.pt\/site\/wp-json\/wp\/v2\/types\/page"}],"author":[{"embeddable":true,"href":"https:\/\/missaocrista.pt\/site\/wp-json\/wp\/v2\/users\/1"}],"replies":[{"embeddable":true,"href":"https:\/\/missaocrista.pt\/site\/wp-json\/wp\/v2\/comments?post=12144"}],"version-history":[{"count":26,"href":"https:\/\/missaocrista.pt\/site\/wp-json\/wp\/v2\/pages\/12144\/revisions"}],"predecessor-version":[{"id":12211,"href":"https:\/\/missaocrista.pt\/site\/wp-json\/wp\/v2\/pages\/12144\/revisions\/12211"}],"wp:attachment":[{"href":"https:\/\/missaocrista.pt\/site\/wp-json\/wp\/v2\/media?parent=12144"}],"curies":[{"name":"wp","href":"https:\/\/api.w.org\/{rel}","templated":true}]}}