{"id":12124,"date":"2020-02-01T23:22:14","date_gmt":"2020-02-02T01:22:14","guid":{"rendered":"https:\/\/missaocrista.pt\/site\/\/?page_id=12124"},"modified":"2024-10-03T15:45:05","modified_gmt":"2024-10-03T14:45:05","slug":"ministerios","status":"publish","type":"page","link":"https:\/\/missaocrista.pt\/site\/ministerios\/","title":{"rendered":"Minist\u00e9rios"},"content":{"rendered":"<section class=\"wpb-content-wrapper\"><p>[vc_row row_type=&#8221;parallax&#8221; content_width=&#8221;grid&#8221; full_screen_section_height=&#8221;no&#8221; el_id=&#8221;bg_sobre&#8221; css=&#8221;.vc_custom_1586917104902{padding-top: 30px !important;padding-right: 0px !important;padding-bottom: 30px !important;padding-left: 0px !important;background: #e2e2e2 url(https:\/\/missaocrista.pt\/site\/\/wp-content\/uploads\/2020\/04\/bg-sobre-mci.jpg?id=12347) !important;background-position: center !important;background-repeat: no-repeat !important;background-size: cover !important;}&#8221;][vc_column][vc_row_inner css_animation=&#8221;mkdf-element-from-fade&#8221; css=&#8221;.vc_custom_1586920694437{padding-top: 30px !important;}&#8221; el_id=&#8221;bg_imagem-sobre&#8221;][vc_column_inner css=&#8221;.vc_custom_1586896919036{padding-top: 30px !important;padding-right: 30px !important;padding-bottom: 30px !important;padding-left: 30px !important;}&#8221;]<div class=\"mkdf-section-title-holder\">\n\t<h2 class=\"mkdf-section-title mkdf-section-title-medium\" style=\"color: #1e73be\">Minist\u00e9rios<\/h2>\n<\/div>[vc_column_text css_animation=&#8221;none&#8221; el_class=&#8221;texto-glow&#8221;]Cada um de n\u00f3s \u00e9 muito importante para o desenvolvimento da Obra de Deus! E cada um pode contribuir com os seus dons e talentos para o servi\u00e7o em um dos nossos minist\u00e9rios:[\/vc_column_text][\/vc_column_inner][\/vc_row_inner][\/vc_column][\/vc_row][vc_row content_width=&#8221;grid&#8221; content_aligment=&#8221;center&#8221; css=&#8221;.vc_custom_1586918048893{margin-top: 0px !important;margin-bottom: 0px !important;background-color: #e2e2e2 !important;}&#8221;][vc_column][vc_row_inner][vc_column_inner width=&#8221;1\/2&#8243;][vc_column_text css_animation=&#8221;fadeIn&#8221; el_class=&#8221;ministerios&#8221;]<\/p>\n<h3 style=\"text-align: center;\">MCI KIDS<\/h3>\n<p style=\"text-align: center;\">O nosso minist\u00e9rio com crian\u00e7as acredita que elas n\u00e3o s\u00e3o apenas o futuro, mas tamb\u00e9m o presente, impactando as vidas dos seus familiares, amigos e colegas.<\/p>\n<p>[\/vc_column_text][\/vc_column_inner][vc_column_inner width=&#8221;1\/2&#8243;][vc_column_text css_animation=&#8221;fadeIn&#8221; el_class=&#8221;ministerios&#8221;]<\/p>\n<h3 style=\"text-align: center;\">MLA<\/h3>\n<p style=\"text-align: center;\">O minist\u00e9rio de louvor e adora\u00e7\u00e3o atrav\u00e9s da m\u00fasica tem como lema \u201cAdoramos a Deus e Inspiramos a Igreja\u201d, atrav\u00e9s da express\u00e3o musical e de um estilo de vida de adora\u00e7\u00e3o.<\/p>\n<p>[\/vc_column_text][\/vc_column_inner][\/vc_row_inner][vc_row_inner][vc_column_inner width=&#8221;1\/2&#8243;][vc_column_text css_animation=&#8221;fadeIn&#8221; el_class=&#8221;ministerios&#8221;]<\/p>\n<h3 style=\"text-align: center;\">MCI YOUTH ADLS<\/h3>\n<p style=\"text-align: center;\">Investir em adolescentes, fazendo-os crescer no conhecimento da Palavra de Deus e sonhar no futuro que Deus planeou para eles.<\/p>\n<p>[\/vc_column_text][\/vc_column_inner][vc_column_inner width=&#8221;1\/2&#8243;][vc_column_text css_animation=&#8221;fadeIn&#8221; el_class=&#8221;ministerios&#8221;]<\/p>\n<h3 style=\"text-align: center;\">ARTES CRIATIVAS<\/h3>\n<p style=\"text-align: center;\">Expressar adora\u00e7\u00e3o a Deus, atrav\u00e9s das artes. Seja no teatro (Cia de Artes), dan\u00e7a, pintura, etc.<\/p>\n<p>[\/vc_column_text][\/vc_column_inner][\/vc_row_inner][vc_row_inner][vc_column_inner width=&#8221;1\/2&#8243;][vc_column_text css_animation=&#8221;fadeIn&#8221; el_class=&#8221;ministerios&#8221;]<\/p>\n<h3 style=\"text-align: center;\">MCI YOUTH JVNS<\/h3>\n<p style=\"text-align: center;\">Desenvolver o potencial de uma gera\u00e7\u00e3o que vive com prop\u00f3sito, faz a diferen\u00e7a na sociedade e d\u00e1 vida \u00e0 igreja.<\/p>\n<p>[\/vc_column_text][\/vc_column_inner][vc_column_inner width=&#8221;1\/2&#8243;][vc_column_text css_animation=&#8221;fadeIn&#8221; el_class=&#8221;ministerios&#8221;]<\/p>\n<h3 style=\"text-align: center;\">CASAIS<\/h3>\n<p style=\"text-align: center;\">Atrav\u00e9s do Curso \u201cCasados e felizes\u201d, \u00e9 feito um acompanhamento e discipulado, restaurando fam\u00edlias e fortalecendo o amor conjugal.<\/p>\n<p>[\/vc_column_text][\/vc_column_inner][\/vc_row_inner][vc_row_inner css_animation=&#8221;mkdf-element-from-fade&#8221;][vc_column_inner width=&#8221;1\/2&#8243; css=&#8221;.vc_custom_1586901487800{padding-top: 30px !important;padding-right: 30px !important;padding-bottom: 30px !important;padding-left: 30px !important;}&#8221;][vc_column_text css_animation=&#8221;fadeIn&#8221; el_class=&#8221;ministerios&#8221;]<\/p>\n<h3 style=\"text-align: center;\">MCI CUIDA<\/h3>\n<p style=\"text-align: center;\">A MCI Cuida \u00e9 o minist\u00e9rio de obra social da igreja. Por meio de cabazes alimentares, roupas e outros apoios sociais, tem apoiado fam\u00edlias necessitadas.<\/p>\n<p>[\/vc_column_text][\/vc_column_inner][vc_column_inner width=&#8221;1\/2&#8243;][vc_column_text css_animation=&#8221;fadeIn&#8221; el_class=&#8221;ministerios&#8221;]<\/p>\n<h3 style=\"text-align: center;\">SHALOM BUSINESS NETWORK<\/h3>\n<p style=\"text-align: center;\">Este \u00e9 um minist\u00e9rio voltado para empres\u00e1rios e profissionais liberais. Com habituais reuni\u00f5es mensais, a cada evento \u00e9 abordado um tema relevante para os empreendedores a n\u00edvel t\u00e9cnico e espiritual.<\/p>\n<p>[\/vc_column_text][\/vc_column_inner][\/vc_row_inner][vc_row_inner css_animation=&#8221;mkdf-element-from-fade&#8221;][vc_column_inner width=&#8221;1\/2&#8243; css=&#8221;.vc_custom_1586901487800{padding-top: 30px !important;padding-right: 30px !important;padding-bottom: 30px !important;padding-left: 30px !important;}&#8221;][vc_column_text css_animation=&#8221;fadeIn&#8221; el_class=&#8221;ministerios&#8221;]<\/p>\n<h3 style=\"text-align: center;\">INTERCESS\u00c3O<\/h3>\n<p style=\"text-align: center;\">Ora\u00e7\u00e3o \u00e9 o pilar de toda a vida crist\u00e3. Com ela comunicamos com Deus, intercedemos pelo pr\u00f3ximo e clamamos por mais de Deus para a Igreja. Interceder \u00e9 o papel de cada membro, mas Deus tem levantado um ex\u00e9rcito de intercessores, que O servem de joelhos em ora\u00e7\u00e3o pela Igreja.<\/p>\n<p>[\/vc_column_text][\/vc_column_inner][vc_column_inner width=&#8221;1\/2&#8243;][vc_column_text css_animation=&#8221;fadeIn&#8221; el_class=&#8221;ministerios&#8221;]<\/p>\n<h3 style=\"text-align: center;\">MULTIM\u00c9DIA<\/h3>\n<p style=\"text-align: center;\">A Multim\u00e9dia representa toda a parte de gest\u00e3o de redes sociais, grava\u00e7\u00f5es do culto em v\u00eddeo e foto. \u00c9 respons\u00e1vel pela prepara\u00e7\u00e3o da identidade visual dos eventos que acontecem no audit\u00f3rio da igreja.<\/p>\n<p>[\/vc_column_text][\/vc_column_inner][\/vc_row_inner][vc_column_text css_animation=&#8221;fadeIn&#8221; el_class=&#8221;ministerios&#8221;]<\/p>\n<div class=\"wpb_text_column wpb_content_element \">\n<div class=\"wpb_wrapper\">\n<div class=\"wpb_text_column wpb_content_element \">\n<div class=\"wpb_wrapper\">\n<h3 style=\"text-align: center;\">OUTROS MINIST\u00c9RIOS DE SERVI\u00c7O<\/h3>\n<p style=\"text-align: center;\">H\u00e1 tamb\u00e9m outras \u00e1reas que visam apoiar o desenvolvimento da igreja, atrav\u00e9s de um dos nossos minist\u00e9rios de servi\u00e7o, como o MOC (Minist\u00e9rio de Organiza\u00e7\u00e3o das Celebra\u00e7\u00f5es), Boas-vindas, Cafetaria, Limpeza, Livraria, entre outros&#8230;<\/p>\n<\/div>\n<\/div>\n<\/div>\n<\/div>\n<p>[\/vc_column_text][\/vc_column][\/vc_row]<\/p>\n<\/section>","protected":false},"excerpt":{"rendered":"<p>[vc_row row_type=&#8221;parallax&#8221; content_width=&#8221;grid&#8221; full_screen_section_height=&#8221;no&#8221; el_id=&#8221;bg_sobre&#8221; css=&#8221;.vc_custom_1586917104902{padding-top: 30px !important;padding-right: 0px !important;padding-bottom: 30px !important;padding-left: 0px !important;background: #e2e2e2 url(https:\/\/missaocrista.pt\/site\/\/wp-content\/uploads\/2020\/04\/bg-sobre-mci.jpg?id=12347) !important;background-position: center !important;background-repeat: no-repeat !important;background-size: cover !important;}&#8221;][vc_column][vc_row_inner css_animation=&#8221;mkdf-element-from-fade&#8221; css=&#8221;.vc_custom_1586920694437{padding-top: 30px !important;}&#8221; el_id=&#8221;bg_imagem-sobre&#8221;][vc_column_inner css=&#8221;.vc_custom_1586896919036{padding-top: 30px !important;padding-right: 30px !important;padding-bottom: 30px !important;padding-left: 30px !important;}&#8221;][vc_column_text css_animation=&#8221;none&#8221; el_class=&#8221;texto-glow&#8221;]Cada um de n\u00f3s \u00e9 muito importante&#8230;<\/p>\n","protected":false},"author":1,"featured_media":0,"parent":0,"menu_order":0,"comment_status":"closed","ping_status":"closed","template":"full-width.php","meta":[],"aioseo_notices":[],"_links":{"self":[{"href":"https:\/\/missaocrista.pt\/site\/wp-json\/wp\/v2\/pages\/12124"}],"collection":[{"href":"https:\/\/missaocrista.pt\/site\/wp-json\/wp\/v2\/pages"}],"about":[{"href":"https:\/\/missaocrista.pt\/site\/wp-json\/wp\/v2\/types\/page"}],"author":[{"embeddable":true,"href":"https:\/\/missaocrista.pt\/site\/wp-json\/wp\/v2\/users\/1"}],"replies":[{"embeddable":true,"href":"https:\/\/missaocrista.pt\/site\/wp-json\/wp\/v2\/comments?post=12124"}],"version-history":[{"count":18,"href":"https:\/\/missaocrista.pt\/site\/wp-json\/wp\/v2\/pages\/12124\/revisions"}],"predecessor-version":[{"id":12952,"href":"https:\/\/missaocrista.pt\/site\/wp-json\/wp\/v2\/pages\/12124\/revisions\/12952"}],"wp:attachment":[{"href":"https:\/\/missaocrista.pt\/site\/wp-json\/wp\/v2\/media?parent=12124"}],"curies":[{"name":"wp","href":"https:\/\/api.w.org\/{rel}","templated":true}]}}