{"id":12122,"date":"2020-02-01T23:22:01","date_gmt":"2020-02-02T01:22:01","guid":{"rendered":"https:\/\/missaocrista.pt\/site\/\/?page_id=12122"},"modified":"2020-05-11T23:02:45","modified_gmt":"2020-05-12T02:02:45","slug":"bloco-da-vitoria","status":"publish","type":"page","link":"https:\/\/missaocrista.pt\/site\/bloco-da-vitoria\/","title":{"rendered":"Bloco da Vit\u00f3ria"},"content":{"rendered":"<section class=\"wpb-content-wrapper\"><p>[vc_row row_type=&#8221;parallax&#8221; content_width=&#8221;grid&#8221; full_screen_section_height=&#8221;no&#8221; el_id=&#8221;bg_sobre&#8221; css=&#8221;.vc_custom_1589248314470{padding-top: 30px !important;padding-right: 0px !important;padding-bottom: 30px !important;padding-left: 0px !important;background: #e2e2e2 url(https:\/\/missaocrista.pt\/site\/\/wp-content\/uploads\/2020\/04\/bg-sobre-mci.jpg?id=12347) !important;background-position: center !important;background-repeat: no-repeat !important;background-size: cover !important;}&#8221;][vc_column][vc_row_inner css_animation=&#8221;mkdf-element-from-fade&#8221; css=&#8221;.vc_custom_1586915972698{padding-top: 30px !important;}&#8221; el_id=&#8221;bg_imagem-sobre&#8221;][vc_column_inner css=&#8221;.vc_custom_1589248945607{padding-top: 30px !important;padding-bottom: 30px !important;}&#8221;]<div class=\"mkdf-section-title-holder\">\n\t<h2 class=\"mkdf-section-title mkdf-section-title-medium\" style=\"color: #1e73be\">Bloco da Vit\u00f3ria<\/h2>\n<\/div>[vc_column_text css_animation=&#8221;fadeInUpBig&#8221; el_class=&#8221;texto-glow&#8221;]<\/p>\n<div>\n<div>A MCI disponibiliza um programa de integra\u00e7\u00e3o para todos aqueles que desejam crescer no conhecimento de Deus e na pr\u00e1tica da vida crist\u00e3. Este programa de integra\u00e7\u00e3o \u00e9 denominado \u201cbloco da vit\u00f3ria\u201d e \u00e9 composto por 4 passos.<\/div>\n<\/div>\n<p>[\/vc_column_text][\/vc_column_inner][\/vc_row_inner][\/vc_column][\/vc_row][vc_row content_width=&#8221;grid&#8221; content_aligment=&#8221;center&#8221; css=&#8221;.vc_custom_1589248324807{margin-top: 0px !important;margin-bottom: 0px !important;padding-top: 30px !important;padding-right: 0px !important;padding-bottom: 30px !important;padding-left: 0px !important;background: #298450 url(https:\/\/missaocrista.pt\/site\/\/wp-content\/uploads\/2020\/04\/fundamentos-da-fe_bg.jpg?id=12435) !important;background-position: center !important;background-repeat: no-repeat !important;background-size: cover !important;}&#8221;][vc_column]<div class=\"mkdf-section-title-holder\">\n\t<h2 class=\"mkdf-section-title mkdf-section-title-medium\" style=\"color: #ffffff\">FUNDAMENTOS DA F\u00c9<\/h2>\n<\/div>[vc_row_inner css_animation=&#8221;mkdf-element-from-fade&#8221; css=&#8221;.vc_custom_1586912499715{padding-right: 50px !important;padding-left: 50px !important;}&#8221;][vc_column_inner width=&#8221;2\/3&#8243; css=&#8221;.vc_custom_1586912520135{padding-top: 30px !important;padding-right: 30px !important;padding-bottom: 30px !important;padding-left: 30px !important;}&#8221;][vc_column_text css_animation=&#8221;fadeIn&#8221; el_class=&#8221;texto-branco&#8221;]<\/p>\n<div>\n<div><span style=\"color: #ffffff;\">Consiste no estudo das oito li\u00e7\u00f5es do livro \u201cFundamentos da F\u00e9\u201d, que tem por objetivo edificar as bases da f\u00e9 crist\u00e3.<\/span><\/div>\n<p>&nbsp;<\/p>\n<div><span style=\"color: #ffffff;\">Estuda-se uma li\u00e7\u00e3o por semana, com o acompanhamento de uma pessoa habilitada para esse fim.<\/span><\/div>\n<\/div>\n<p>[\/vc_column_text][\/vc_column_inner][vc_column_inner width=&#8221;1\/3&#8243;][vc_single_image image=&#8221;12433&#8243; img_size=&#8221;&#8221; css_animation=&#8221;fadeInRightBig&#8221;][\/vc_column_inner][\/vc_row_inner][\/vc_column][\/vc_row][vc_row content_width=&#8221;grid&#8221; content_aligment=&#8221;center&#8221; css=&#8221;.vc_custom_1589248331438{padding-top: 30px !important;padding-right: 0px !important;padding-bottom: 30px !important;padding-left: 0px !important;background: #dd3333 url(https:\/\/missaocrista.pt\/site\/\/wp-content\/uploads\/2020\/04\/impacto-bg.jpg?id=12417) !important;}&#8221; el_class=&#8221;texto-branco&#8221;][vc_column][vc_row_inner content_aligment=&#8221;center&#8221; css_animation=&#8221;mkdf-element-from-fade&#8221; css=&#8221;.vc_custom_1586912837912{padding-right: 30px !important;padding-left: 30px !important;}&#8221;][vc_column_inner css=&#8221;.vc_custom_1586901487800{padding-top: 30px !important;padding-right: 30px !important;padding-bottom: 30px !important;padding-left: 30px !important;}&#8221;]<div class=\"mkdf-section-title-holder\">\n\t<h2 class=\"mkdf-section-title mkdf-section-title-medium\" style=\"color: #ffffff\">IMPACTO<\/h2>\n<\/div>[\/vc_column_inner][\/vc_row_inner][vc_row_inner content_aligment=&#8221;center&#8221; css_animation=&#8221;mkdf-element-from-fade&#8221; css=&#8221;.vc_custom_1586913126008{margin-top: 0px !important;padding-top: 0px !important;padding-right: 30px !important;padding-left: 30px !important;}&#8221;][vc_column_inner css=&#8221;.vc_custom_1586901487800{padding-top: 30px !important;padding-right: 30px !important;padding-bottom: 30px !important;padding-left: 30px !important;}&#8221;][vc_column_text css_animation=&#8221;fadeIn&#8221; el_class=&#8221;texto-branco&#8221;]<\/p>\n<div>\n<div><span style=\"color: #ffffff;\">O impacto \u00e9 um retiro de dois dias (geralmente S\u00e1bado e Domingo), em que os participantes recebem ensinamentos te\u00f3ricos e pr\u00e1ticos de temas relevantes para o seu crescimento espiritual.<\/span><\/div>\n<\/div>\n<p>[\/vc_column_text][\/vc_column_inner][\/vc_row_inner][\/vc_column][\/vc_row][vc_row content_width=&#8221;grid&#8221; content_aligment=&#8221;center&#8221; css=&#8221;.vc_custom_1589248338549{padding-top: 30px !important;padding-right: 0px !important;padding-bottom: 30px !important;padding-left: 0px !important;background: #181a96 url(https:\/\/missaocrista.pt\/site\/\/wp-content\/uploads\/2020\/04\/batismo-bg2.jpg?id=12443) !important;background-position: center !important;background-repeat: no-repeat !important;background-size: cover !important;}&#8221; el_class=&#8221;texto-branco&#8221;][vc_column][vc_row_inner content_aligment=&#8221;center&#8221; css_animation=&#8221;mkdf-element-from-fade&#8221; css=&#8221;.vc_custom_1586912837912{padding-right: 30px !important;padding-left: 30px !important;}&#8221;][vc_column_inner css=&#8221;.vc_custom_1586901487800{padding-top: 30px !important;padding-right: 30px !important;padding-bottom: 30px !important;padding-left: 30px !important;}&#8221;]<div class=\"mkdf-section-title-holder\">\n\t<h2 class=\"mkdf-section-title mkdf-section-title-medium\" style=\"color: #ffffff\">BATISMO NAS \u00c1GUAS<\/h2>\n<\/div>[\/vc_column_inner][\/vc_row_inner][vc_row_inner content_aligment=&#8221;center&#8221; css_animation=&#8221;mkdf-element-from-fade&#8221; css=&#8221;.vc_custom_1586913126008{margin-top: 0px !important;padding-top: 0px !important;padding-right: 30px !important;padding-left: 30px !important;}&#8221;][vc_column_inner css=&#8221;.vc_custom_1586901487800{padding-top: 30px !important;padding-right: 30px !important;padding-bottom: 30px !important;padding-left: 30px !important;}&#8221;][vc_column_text css_animation=&#8221;fadeIn&#8221; el_class=&#8221;texto-branco&#8221;]<\/p>\n<p style=\"text-align: center;\"><span style=\"color: #ffffff;\">O\u00a0Bat\u00edsmo nas \u00c1guas\u00a0\u00a0\u00e9 feito em obedi\u00eancia \u00e0 ordem de Jesus.<\/span><br \/>\n<span style=\"color: #ffffff;\">\u00c9 o testemunho p\u00fablico de que recebemos uma nova vida em Cristo.<\/span><\/p>\n<p>[\/vc_column_text][\/vc_column_inner][\/vc_row_inner][\/vc_column][\/vc_row][vc_row content_width=&#8221;grid&#8221; content_aligment=&#8221;center&#8221; css=&#8221;.vc_custom_1589248347118{padding-top: 30px !important;padding-right: 0px !important;padding-bottom: 30px !important;padding-left: 0px !important;background: #ce6b14 url(https:\/\/missaocrista.pt\/site\/\/wp-content\/uploads\/2020\/04\/curso-bg.jpg?id=12445) !important;background-position: center !important;background-repeat: no-repeat !important;background-size: cover !important;}&#8221; el_class=&#8221;texto-branco&#8221;][vc_column][vc_row_inner content_aligment=&#8221;center&#8221; css_animation=&#8221;mkdf-element-from-fade&#8221; css=&#8221;.vc_custom_1586912837912{padding-right: 30px !important;padding-left: 30px !important;}&#8221;][vc_column_inner css=&#8221;.vc_custom_1586901487800{padding-top: 30px !important;padding-right: 30px !important;padding-bottom: 30px !important;padding-left: 30px !important;}&#8221;]<div class=\"mkdf-section-title-holder\">\n\t<h2 class=\"mkdf-section-title mkdf-section-title-medium\" style=\"color: #ffffff\">CURSO DE MATURIDADE CRIST\u00c3<\/h2>\n<\/div>[\/vc_column_inner][\/vc_row_inner][vc_row_inner content_aligment=&#8221;center&#8221; css_animation=&#8221;mkdf-element-from-fade&#8221; css=&#8221;.vc_custom_1586913126008{margin-top: 0px !important;padding-top: 0px !important;padding-right: 30px !important;padding-left: 30px !important;}&#8221;][vc_column_inner css=&#8221;.vc_custom_1586901487800{padding-top: 30px !important;padding-right: 30px !important;padding-bottom: 30px !important;padding-left: 30px !important;}&#8221;][vc_column_text css_animation=&#8221;fadeIn&#8221; el_class=&#8221;texto-branco&#8221;]<\/p>\n<div>\n<div style=\"text-align: center;\"><span style=\"color: #ffffff;\">Este curso, conhecido como CMC, \u00e9 composto por oito temas essenciais para o desenvolvimento inicial da maturidade crist\u00e3. O curso est\u00e1 dispon\u00edvel no formato de aulas presenciais, no pr\u00e9dio da igreja, e em alternativa, por e-learning.<\/span><\/div>\n<\/div>\n<p>[\/vc_column_text][\/vc_column_inner][\/vc_row_inner][\/vc_column][\/vc_row]<\/p>\n<\/section>","protected":false},"excerpt":{"rendered":"<p>[vc_row row_type=&#8221;parallax&#8221; content_width=&#8221;grid&#8221; full_screen_section_height=&#8221;no&#8221; el_id=&#8221;bg_sobre&#8221; css=&#8221;.vc_custom_1589248314470{padding-top: 30px !important;padding-right: 0px !important;padding-bottom: 30px !important;padding-left: 0px !important;background: #e2e2e2 url(https:\/\/missaocrista.pt\/site\/\/wp-content\/uploads\/2020\/04\/bg-sobre-mci.jpg?id=12347) !important;background-position: center !important;background-repeat: no-repeat !important;background-size: cover !important;}&#8221;][vc_column][vc_row_inner css_animation=&#8221;mkdf-element-from-fade&#8221; css=&#8221;.vc_custom_1586915972698{padding-top: 30px !important;}&#8221; el_id=&#8221;bg_imagem-sobre&#8221;][vc_column_inner css=&#8221;.vc_custom_1589248945607{padding-top: 30px !important;padding-bottom: 30px !important;}&#8221;][vc_column_text css_animation=&#8221;fadeInUpBig&#8221; el_class=&#8221;texto-glow&#8221;] A MCI disponibiliza um programa de integra\u00e7\u00e3o para todos aqueles&#8230;<\/p>\n","protected":false},"author":1,"featured_media":0,"parent":0,"menu_order":0,"comment_status":"closed","ping_status":"closed","template":"full-width.php","meta":[],"aioseo_notices":[],"_links":{"self":[{"href":"https:\/\/missaocrista.pt\/site\/wp-json\/wp\/v2\/pages\/12122"}],"collection":[{"href":"https:\/\/missaocrista.pt\/site\/wp-json\/wp\/v2\/pages"}],"about":[{"href":"https:\/\/missaocrista.pt\/site\/wp-json\/wp\/v2\/types\/page"}],"author":[{"embeddable":true,"href":"https:\/\/missaocrista.pt\/site\/wp-json\/wp\/v2\/users\/1"}],"replies":[{"embeddable":true,"href":"https:\/\/missaocrista.pt\/site\/wp-json\/wp\/v2\/comments?post=12122"}],"version-history":[{"count":44,"href":"https:\/\/missaocrista.pt\/site\/wp-json\/wp\/v2\/pages\/12122\/revisions"}],"predecessor-version":[{"id":12611,"href":"https:\/\/missaocrista.pt\/site\/wp-json\/wp\/v2\/pages\/12122\/revisions\/12611"}],"wp:attachment":[{"href":"https:\/\/missaocrista.pt\/site\/wp-json\/wp\/v2\/media?parent=12122"}],"curies":[{"name":"wp","href":"https:\/\/api.w.org\/{rel}","templated":true}]}}